{"id":2,"date":"2023-05-17T20:09:15","date_gmt":"2023-05-17T18:09:15","guid":{"rendered":"http:\/\/mediatorpoprad.com\/?page_id=2"},"modified":"2023-11-05T16:13:11","modified_gmt":"2023-11-05T15:13:11","slug":"mediator-poprad","status":"publish","type":"page","link":"https:\/\/mediatorpoprad.com\/","title":{"rendered":"Medi\u00e1tor Poprad"},"content":{"rendered":"\t\t<div data-elementor-type=\"wp-page\" data-elementor-id=\"2\" class=\"elementor elementor-2\">\n\t\t\t\t\t\t\t\t\t<section class=\"elementor-section elementor-top-section elementor-element elementor-element-4ca57c43 elementor-section-boxed elementor-section-height-default elementor-section-height-default\" data-id=\"4ca57c43\" data-element_type=\"section\">\n\t\t\t\t\t\t<div class=\"elementor-container elementor-column-gap-default\">\n\t\t\t\t\t<div class=\"elementor-column elementor-col-100 elementor-top-column elementor-element elementor-element-cb90513\" data-id=\"cb90513\" data-element_type=\"column\">\n\t\t\t<div class=\"elementor-widget-wrap elementor-element-populated\">\n\t\t\t\t\t\t\t\t<div class=\"elementor-element elementor-element-1dcc212f elementor-widget elementor-widget-text-editor\" data-id=\"1dcc212f\" data-element_type=\"widget\" data-widget_type=\"text-editor.default\">\n\t\t\t\t<div class=\"elementor-widget-container\">\n\t\t\t<style>\/*! elementor - v3.18.0 - 20-12-2023 *\/\n.elementor-widget-text-editor.elementor-drop-cap-view-stacked .elementor-drop-cap{background-color:#69727d;color:#fff}.elementor-widget-text-editor.elementor-drop-cap-view-framed .elementor-drop-cap{color:#69727d;border:3px solid;background-color:transparent}.elementor-widget-text-editor:not(.elementor-drop-cap-view-default) .elementor-drop-cap{margin-top:8px}.elementor-widget-text-editor:not(.elementor-drop-cap-view-default) .elementor-drop-cap-letter{width:1em;height:1em}.elementor-widget-text-editor .elementor-drop-cap{float:left;text-align:center;line-height:1;font-size:50px}.elementor-widget-text-editor .elementor-drop-cap-letter{display:inline-block}<\/style>\t\t\t\t<!-- wp:paragraph -->\n<h1>Str\u00e1nka sa moment\u00e1lne pripravuje&#8230;<\/h1>\n<!-- \/wp:paragraph -->\t\t\t\t\t\t<\/div>\n\t\t\t\t<\/div>\n\t\t\t\t\t<\/div>\n\t\t<\/div>\n\t\t\t\t\t\t\t<\/div>\n\t\t<\/section>\n\t\t\t\t<section class=\"elementor-section elementor-top-section elementor-element elementor-element-bc36a24 elementor-section-boxed elementor-section-height-default elementor-section-height-default\" data-id=\"bc36a24\" data-element_type=\"section\">\n\t\t\t\t\t\t<div class=\"elementor-container elementor-column-gap-default\">\n\t\t\t\t\t<div class=\"elementor-column elementor-col-100 elementor-top-column elementor-element elementor-element-f5dd6e2\" data-id=\"f5dd6e2\" data-element_type=\"column\">\n\t\t\t<div class=\"elementor-widget-wrap elementor-element-populated\">\n\t\t\t\t\t\t\t\t<div class=\"elementor-element elementor-element-69cc5f7 elementor-widget elementor-widget-image\" data-id=\"69cc5f7\" data-element_type=\"widget\" data-widget_type=\"image.default\">\n\t\t\t\t<div class=\"elementor-widget-container\">\n\t\t\t<style>\/*! elementor - v3.18.0 - 20-12-2023 *\/\n.elementor-widget-image{text-align:center}.elementor-widget-image a{display:inline-block}.elementor-widget-image a img[src$=\".svg\"]{width:48px}.elementor-widget-image img{vertical-align:middle;display:inline-block}<\/style>\t\t\t\t\t\t\t\t\t\t\t\t<img fetchpriority=\"high\" decoding=\"async\" width=\"768\" height=\"512\" src=\"https:\/\/mediatorpoprad.com\/wp-content\/uploads\/2023\/10\/pexels-fauxels-3184418-768x512.jpg\" class=\"attachment-medium_large size-medium_large wp-image-18\" alt=\"mediator poprad\" srcset=\"https:\/\/mediatorpoprad.com\/wp-content\/uploads\/2023\/10\/pexels-fauxels-3184418-768x512.jpg 768w, https:\/\/mediatorpoprad.com\/wp-content\/uploads\/2023\/10\/pexels-fauxels-3184418-300x200.jpg 300w, https:\/\/mediatorpoprad.com\/wp-content\/uploads\/2023\/10\/pexels-fauxels-3184418-1024x683.jpg 1024w, https:\/\/mediatorpoprad.com\/wp-content\/uploads\/2023\/10\/pexels-fauxels-3184418-1536x1024.jpg 1536w, https:\/\/mediatorpoprad.com\/wp-content\/uploads\/2023\/10\/pexels-fauxels-3184418-2048x1365.jpg 2048w\" sizes=\"(max-width: 768px) 100vw, 768px\" \/>\t\t\t\t\t\t\t\t\t\t\t\t\t\t\t<\/div>\n\t\t\t\t<\/div>\n\t\t\t\t\t<\/div>\n\t\t<\/div>\n\t\t\t\t\t\t\t<\/div>\n\t\t<\/section>\n\t\t\t\t<section class=\"elementor-section elementor-top-section elementor-element elementor-element-a2149a0 elementor-section-boxed elementor-section-height-default elementor-section-height-default\" data-id=\"a2149a0\" data-element_type=\"section\">\n\t\t\t\t\t\t<div class=\"elementor-container elementor-column-gap-default\">\n\t\t\t\t\t<div class=\"elementor-column elementor-col-100 elementor-top-column elementor-element elementor-element-91cc3ed\" data-id=\"91cc3ed\" data-element_type=\"column\">\n\t\t\t<div class=\"elementor-widget-wrap elementor-element-populated\">\n\t\t\t\t\t\t\t\t<div class=\"elementor-element elementor-element-6f7a08d elementor-widget elementor-widget-heading\" data-id=\"6f7a08d\" data-element_type=\"widget\" data-widget_type=\"heading.default\">\n\t\t\t\t<div class=\"elementor-widget-container\">\n\t\t\t<style>\/*! elementor - v3.18.0 - 20-12-2023 *\/\n.elementor-heading-title{padding:0;margin:0;line-height:1}.elementor-widget-heading .elementor-heading-title[class*=elementor-size-]>a{color:inherit;font-size:inherit;line-height:inherit}.elementor-widget-heading .elementor-heading-title.elementor-size-small{font-size:15px}.elementor-widget-heading .elementor-heading-title.elementor-size-medium{font-size:19px}.elementor-widget-heading .elementor-heading-title.elementor-size-large{font-size:29px}.elementor-widget-heading .elementor-heading-title.elementor-size-xl{font-size:39px}.elementor-widget-heading .elementor-heading-title.elementor-size-xxl{font-size:59px}<\/style><h1 class=\"elementor-heading-title elementor-size-default\">Pre\u010do si vybra\u0165 medi\u00e1tora<\/h1>\t\t<\/div>\n\t\t\t\t<\/div>\n\t\t\t\t\t<\/div>\n\t\t<\/div>\n\t\t\t\t\t\t\t<\/div>\n\t\t<\/section>\n\t\t\t\t<section class=\"elementor-section elementor-top-section elementor-element elementor-element-0c9e068 elementor-section-boxed elementor-section-height-default elementor-section-height-default\" data-id=\"0c9e068\" data-element_type=\"section\">\n\t\t\t\t\t\t<div class=\"elementor-container elementor-column-gap-default\">\n\t\t\t\t\t<div class=\"elementor-column elementor-col-25 elementor-top-column elementor-element elementor-element-cd9ecc0\" data-id=\"cd9ecc0\" data-element_type=\"column\">\n\t\t\t<div class=\"elementor-widget-wrap\">\n\t\t\t\t\t\t\t\t\t<\/div>\n\t\t<\/div>\n\t\t\t\t<div class=\"elementor-column elementor-col-50 elementor-top-column elementor-element elementor-element-b086068\" data-id=\"b086068\" data-element_type=\"column\">\n\t\t\t<div class=\"elementor-widget-wrap elementor-element-populated\">\n\t\t\t\t\t\t\t\t<div class=\"elementor-element elementor-element-53c8b96 elementor-widget elementor-widget-text-editor\" data-id=\"53c8b96\" data-element_type=\"widget\" data-widget_type=\"text-editor.default\">\n\t\t\t\t<div class=\"elementor-widget-container\">\n\t\t\t\t\t\t\t<p>Hovor\u00ed sa, \u017ee na Slovensku sa \u013eudia radi s\u00fadia. Av\u0161ak v mnoh\u00fdch krajin\u00e1ch E\u00da je medi\u00e1cia povinn\u00fdm krokom pred za\u010dat\u00edm samotn\u00e9ho s\u00fadneho konania. Rie\u0161enie sporov medi\u00e1ciou m\u00f4\u017ee by\u0165 <strong>r\u00fdchlej\u0161ou<\/strong> a<strong> menej stresuj\u00facou alternat\u00edvou.<\/strong><\/p>\n<p>\u010eal\u0161ie v\u00fdhody spojen\u00e9 s medi\u00e1ciou:<\/p>\n<ul>\n<li><strong>Diskr\u00e9tnos\u0165<\/strong> media\u010dn\u00e9ho konania,\u00a0<\/li>\n<li><strong>Dobrovo\u013enos\u0165 a \u00fastretovos\u0165<\/strong> t.j. strany sa medi\u00e1cie z\u00fa\u010dast\u0148uj\u00fa dobrovo\u013ene a m\u00f4\u017eu z nej kedyko\u013evek odst\u00fapi\u0165,\u00a0<\/li>\n<li><strong>Obnova komunik\u00e1cie a d\u00f4very:<\/strong> medi\u00e1cia m\u00f4\u017ee pom\u00f4c\u0165 obnovi\u0165 d\u00f4veru a komunik\u00e1ciu medzi \u00fa\u010dastn\u00edkmi,\u00a0<\/li>\n<li><strong>Rovnopr\u00e1vnos\u0165:<\/strong> medi\u00e1cia je postaven\u00e1 na rovnopr\u00e1vnosti \u00fa\u010dastn\u00edkov,\u00a0<\/li>\n<li><strong>Odbremenenie s\u00fadov.\u00a0<\/strong><\/li>\n<\/ul>\t\t\t\t\t\t<\/div>\n\t\t\t\t<\/div>\n\t\t\t\t\t<\/div>\n\t\t<\/div>\n\t\t\t\t<div class=\"elementor-column elementor-col-25 elementor-top-column elementor-element elementor-element-ceadc01\" data-id=\"ceadc01\" data-element_type=\"column\">\n\t\t\t<div class=\"elementor-widget-wrap\">\n\t\t\t\t\t\t\t\t\t<\/div>\n\t\t<\/div>\n\t\t\t\t\t\t\t<\/div>\n\t\t<\/section>\n\t\t\t\t<section class=\"elementor-section elementor-top-section elementor-element elementor-element-ddfbbfb elementor-section-boxed elementor-section-height-default elementor-section-height-default\" data-id=\"ddfbbfb\" data-element_type=\"section\">\n\t\t\t\t\t\t<div class=\"elementor-container elementor-column-gap-default\">\n\t\t\t\t\t<div class=\"elementor-column elementor-col-100 elementor-top-column elementor-element elementor-element-3939fb5\" data-id=\"3939fb5\" data-element_type=\"column\">\n\t\t\t<div class=\"elementor-widget-wrap elementor-element-populated\">\n\t\t\t\t\t\t\t\t<div class=\"elementor-element elementor-element-c281970 elementor-widget elementor-widget-spacer\" data-id=\"c281970\" data-element_type=\"widget\" data-widget_type=\"spacer.default\">\n\t\t\t\t<div class=\"elementor-widget-container\">\n\t\t\t<style>\/*! elementor - v3.18.0 - 20-12-2023 *\/\n.elementor-column .elementor-spacer-inner{height:var(--spacer-size)}.e-con{--container-widget-width:100%}.e-con-inner>.elementor-widget-spacer,.e-con>.elementor-widget-spacer{width:var(--container-widget-width,var(--spacer-size));--align-self:var(--container-widget-align-self,initial);--flex-shrink:0}.e-con-inner>.elementor-widget-spacer>.elementor-widget-container,.e-con>.elementor-widget-spacer>.elementor-widget-container{height:100%;width:100%}.e-con-inner>.elementor-widget-spacer>.elementor-widget-container>.elementor-spacer,.e-con>.elementor-widget-spacer>.elementor-widget-container>.elementor-spacer{height:100%}.e-con-inner>.elementor-widget-spacer>.elementor-widget-container>.elementor-spacer>.elementor-spacer-inner,.e-con>.elementor-widget-spacer>.elementor-widget-container>.elementor-spacer>.elementor-spacer-inner{height:var(--container-widget-height,var(--spacer-size))}.e-con-inner>.elementor-widget-spacer.elementor-widget-empty,.e-con>.elementor-widget-spacer.elementor-widget-empty{position:relative;min-height:22px;min-width:22px}.e-con-inner>.elementor-widget-spacer.elementor-widget-empty .elementor-widget-empty-icon,.e-con>.elementor-widget-spacer.elementor-widget-empty .elementor-widget-empty-icon{position:absolute;top:0;bottom:0;left:0;right:0;margin:auto;padding:0;width:22px;height:22px}<\/style>\t\t<div class=\"elementor-spacer\">\n\t\t\t<div class=\"elementor-spacer-inner\"><\/div>\n\t\t<\/div>\n\t\t\t\t<\/div>\n\t\t\t\t<\/div>\n\t\t\t\t<div class=\"elementor-element elementor-element-53a596f elementor-widget elementor-widget-heading\" data-id=\"53a596f\" data-element_type=\"widget\" data-widget_type=\"heading.default\">\n\t\t\t\t<div class=\"elementor-widget-container\">\n\t\t\t<h1 class=\"elementor-heading-title elementor-size-default\">O mne:\nJUDr. Ren\u00e1ta Kucov\u00e1<\/h1>\t\t<\/div>\n\t\t\t\t<\/div>\n\t\t\t\t\t<\/div>\n\t\t<\/div>\n\t\t\t\t\t\t\t<\/div>\n\t\t<\/section>\n\t\t\t\t<section class=\"elementor-section elementor-top-section elementor-element elementor-element-6c40ff4 elementor-section-boxed elementor-section-height-default elementor-section-height-default\" data-id=\"6c40ff4\" data-element_type=\"section\">\n\t\t\t\t\t\t<div class=\"elementor-container elementor-column-gap-default\">\n\t\t\t\t\t<div class=\"elementor-column elementor-col-33 elementor-top-column elementor-element elementor-element-00719b9\" data-id=\"00719b9\" data-element_type=\"column\">\n\t\t\t<div class=\"elementor-widget-wrap\">\n\t\t\t\t\t\t\t\t\t<\/div>\n\t\t<\/div>\n\t\t\t\t<div class=\"elementor-column elementor-col-33 elementor-top-column elementor-element elementor-element-62494c1\" data-id=\"62494c1\" data-element_type=\"column\">\n\t\t\t<div class=\"elementor-widget-wrap elementor-element-populated\">\n\t\t\t\t\t\t\t\t<div class=\"elementor-element elementor-element-e387179 elementor-widget__width-initial elementor-widget elementor-widget-text-editor\" data-id=\"e387179\" data-element_type=\"widget\" data-widget_type=\"text-editor.default\">\n\t\t\t\t<div class=\"elementor-widget-container\">\n\t\t\t\t\t\t\t<p>Som absolventkou Pr\u00e1vnickej fakulty UMB (ro\u010dn\u00edk 2018) a od r. 2022 aj registrovanou medi\u00e1torkou pod <strong>eviden\u010dn\u00fdm \u010d\u00edslom 2102<\/strong> na Ministerstve spravodlivosti SR. \u0160pecializujem sa na ob\u010dianske, rodinn\u00e9 a pracovn\u00e9 spory. P\u00f4sob\u00edm predov\u0161etk\u00fdm v Poprade.\u00a0<\/p>\t\t\t\t\t\t<\/div>\n\t\t\t\t<\/div>\n\t\t\t\t\t<\/div>\n\t\t<\/div>\n\t\t\t\t<div class=\"elementor-column elementor-col-33 elementor-top-column elementor-element elementor-element-eb0ffff\" data-id=\"eb0ffff\" data-element_type=\"column\">\n\t\t\t<div class=\"elementor-widget-wrap\">\n\t\t\t\t\t\t\t\t\t<\/div>\n\t\t<\/div>\n\t\t\t\t\t\t\t<\/div>\n\t\t<\/section>\n\t\t\t\t<section class=\"elementor-section elementor-top-section elementor-element elementor-element-f3df8f4 elementor-section-boxed elementor-section-height-default elementor-section-height-default\" data-id=\"f3df8f4\" data-element_type=\"section\">\n\t\t\t\t\t\t<div class=\"elementor-container elementor-column-gap-default\">\n\t\t\t\t\t<div class=\"elementor-column elementor-col-16 elementor-top-column elementor-element elementor-element-c13315a\" data-id=\"c13315a\" data-element_type=\"column\">\n\t\t\t<div class=\"elementor-widget-wrap\">\n\t\t\t\t\t\t\t\t\t<\/div>\n\t\t<\/div>\n\t\t\t\t<div class=\"elementor-column elementor-col-66 elementor-top-column elementor-element elementor-element-1c8393a\" data-id=\"1c8393a\" data-element_type=\"column\">\n\t\t\t<div class=\"elementor-widget-wrap elementor-element-populated\">\n\t\t\t\t\t\t\t\t<div class=\"elementor-element elementor-element-5471d6e elementor-widget elementor-widget-spacer\" data-id=\"5471d6e\" data-element_type=\"widget\" data-widget_type=\"spacer.default\">\n\t\t\t\t<div class=\"elementor-widget-container\">\n\t\t\t\t\t<div class=\"elementor-spacer\">\n\t\t\t<div class=\"elementor-spacer-inner\"><\/div>\n\t\t<\/div>\n\t\t\t\t<\/div>\n\t\t\t\t<\/div>\n\t\t\t\t<div class=\"elementor-element elementor-element-e6703d7 elementor-widget elementor-widget-heading\" data-id=\"e6703d7\" data-element_type=\"widget\" data-widget_type=\"heading.default\">\n\t\t\t\t<div class=\"elementor-widget-container\">\n\t\t\t<h2 class=\"elementor-heading-title elementor-size-default\">Pr\u00e1vne predpisy, pod\u013ea ktor\u00fdch postupuj\u00fa medi\u00e1tori<\/h2>\t\t<\/div>\n\t\t\t\t<\/div>\n\t\t\t\t<div class=\"elementor-element elementor-element-e51dba5 elementor-widget elementor-widget-text-editor\" data-id=\"e51dba5\" data-element_type=\"widget\" data-widget_type=\"text-editor.default\">\n\t\t\t\t<div class=\"elementor-widget-container\">\n\t\t\t\t\t\t\t<ol>\n<li>Z\u00e1kon \u010d. 420\/2004 Z. z. o medi\u00e1cii a o doplnen\u00ed niektor\u00fdch z\u00e1konov<\/li>\n<li>Z\u00e1kon \u010d. 391\/2015 Z. z. o alternat\u00edvnom rie\u0161en\u00ed spotrebite\u013esk\u00fdch sporov a o zmene a doplnen\u00ed niektor\u00fdch z\u00e1konov<\/li>\n<li>Z\u00e1kon \u010d. 40\/1964 Zb. Ob\u010diansky z\u00e1konn\u00edk<\/li>\n<li>Z\u00e1kon \u010d. 18\/2018 Z. z. o ochrane osobn\u00fdch \u00fadajov a o zmene a doplnen\u00ed niektor\u00fdch z\u00e1konov<\/li>\n<li>Z\u00e1kon \u010d. 327\/2005 Z. z. o poskytovan\u00ed pr\u00e1vnej pomoci osob\u00e1m v materi\u00e1lnej n\u00fadzi a o zmene a doplnen\u00ed z\u00e1kona \u010d. 586\/2003 Z. z. o advok\u00e1cii a o zmene a doplnen\u00ed z\u00e1kona \u010d. 455\/1991 Zb. o \u017eivnostenskom podnikan\u00ed (\u017eivnostensk\u00fd z\u00e1kon) v znen\u00ed neskor\u0161\u00edch predpisov v znen\u00ed z\u00e1kona \u010d. 8\/2005 Z. z.<\/li>\n<li>Vyhl\u00e1\u0161ka Ministerstva spravodlivosti Slovenskej republiky \u010d. 337\/2011 Z. z. o odmene medi\u00e1tora za v\u00fdkon medi\u00e1cie v s\u00favislosti s posyktovan\u00edm pr\u00e1vnej pomoci osob\u00e1m v materi\u00e1lnej n\u00fadzi<\/li>\n<li>Smernica Eur\u00f3pskeho parlamentu a Rady 2008\/52\/ES z 21. m\u00e1ja 2008 o ur\u010dit\u00fdch aspektoch medi\u00e1cie v ob\u010dianskych a obchodn\u00fdch veciach<\/li>\n<li>Smernica Eur\u00f3pskeho parlamentu a Rady 2013\/11\/E\u00da z 21. m\u00e1ja 2013 o alternat\u00edvnom rie\u0161en\u00ed spotrebite\u013esk\u00fdch sporov, ktorou sa men\u00ed nariadenie (ES) \u010d. 2006\/2004 a smernica 2009\/22\/ES (smernica o alternat\u00edvnom rie\u0161en\u00ed spotrebite\u013esk\u00fdch sporov)<\/li>\n<\/ol>\t\t\t\t\t\t<\/div>\n\t\t\t\t<\/div>\n\t\t\t\t\t<\/div>\n\t\t<\/div>\n\t\t\t\t<div class=\"elementor-column elementor-col-16 elementor-top-column elementor-element elementor-element-59b560e\" data-id=\"59b560e\" data-element_type=\"column\">\n\t\t\t<div class=\"elementor-widget-wrap\">\n\t\t\t\t\t\t\t\t\t<\/div>\n\t\t<\/div>\n\t\t\t\t\t\t\t<\/div>\n\t\t<\/section>\n\t\t\t\t\t\t\t<\/div>\n\t\t","protected":false},"excerpt":{"rendered":"<p>Str\u00e1nka sa moment\u00e1lne pripravuje&#8230; Pre\u010do si vybra\u0165 medi\u00e1tora Hovor\u00ed sa, \u017ee na Slovensku sa \u013eudia radi s\u00fadia. Av\u0161ak v mnoh\u00fdch krajin\u00e1ch E\u00da je medi\u00e1cia povinn\u00fdm krokom pred za\u010dat\u00edm samotn\u00e9ho s\u00fadneho konania. Rie\u0161enie sporov medi\u00e1ciou m\u00f4\u017ee by\u0165 r\u00fdchlej\u0161ou a menej stresuj\u00facou alternat\u00edvou. \u010eal\u0161ie v\u00fdhody spojen\u00e9 s medi\u00e1ciou: Diskr\u00e9tnos\u0165 media\u010dn\u00e9ho konania,\u00a0 Dobrovo\u013enos\u0165 a \u00fastretovos\u0165 t.j. strany sa [&hellip;]<\/p>\n","protected":false},"author":1,"featured_media":0,"parent":0,"menu_order":0,"comment_status":"closed","ping_status":"open","template":"","meta":{"_monsterinsights_skip_tracking":false,"_monsterinsights_sitenote_active":false,"_monsterinsights_sitenote_note":"","_monsterinsights_sitenote_category":0,"footnotes":""},"yoast_head":"<!-- This site is optimized with the Yoast SEO plugin v21.8.1 - https:\/\/yoast.com\/wordpress\/plugins\/seo\/ -->\n<title>Medi\u00e1tor Poprad - mediatorpoprad.com<\/title>\n<meta name=\"description\" content=\"Medi\u00e1tor V\u00e1m dopom\u00f4\u017ee s alternat\u00edvnym rie\u0161en\u00edm sporov. Nav\u0161t\u00edvte na\u0161u kancel\u00e1riu v Poprade v s\u00favislosti s rodinn\u00fdmi \u010di ob\u010dianskymi spormi\" \/>\n<meta name=\"robots\" content=\"index, follow, max-snippet:-1, max-image-preview:large, max-video-preview:-1\" \/>\n<link rel=\"canonical\" href=\"https:\/\/mediatorpoprad.com\/\" \/>\n<meta property=\"og:locale\" content=\"sk_SK\" \/>\n<meta property=\"og:type\" content=\"article\" \/>\n<meta property=\"og:title\" content=\"Medi\u00e1tor Poprad - mediatorpoprad.com\" \/>\n<meta property=\"og:description\" content=\"Medi\u00e1tor V\u00e1m dopom\u00f4\u017ee s alternat\u00edvnym rie\u0161en\u00edm sporov. Nav\u0161t\u00edvte na\u0161u kancel\u00e1riu v Poprade v s\u00favislosti s rodinn\u00fdmi \u010di ob\u010dianskymi spormi\" \/>\n<meta property=\"og:url\" content=\"https:\/\/mediatorpoprad.com\/\" \/>\n<meta property=\"og:site_name\" content=\"mediatorpoprad.com\" \/>\n<meta property=\"article:modified_time\" content=\"2023-11-05T15:13:11+00:00\" \/>\n<meta property=\"og:image\" content=\"http:\/\/mediatorpoprad.com\/wp-content\/uploads\/2023\/10\/pexels-fauxels-3184418-768x512.jpg\" \/>\n<meta name=\"twitter:card\" content=\"summary_large_image\" \/>\n<meta name=\"twitter:label1\" content=\"Predpokladan\u00fd \u010das \u010d\u00edtania\" \/>\n\t<meta name=\"twitter:data1\" content=\"2 min\u00faty\" \/>\n<script type=\"application\/ld+json\" class=\"yoast-schema-graph\">{\"@context\":\"https:\/\/schema.org\",\"@graph\":[{\"@type\":\"WebPage\",\"@id\":\"https:\/\/mediatorpoprad.com\/\",\"url\":\"https:\/\/mediatorpoprad.com\/\",\"name\":\"Medi\u00e1tor Poprad - mediatorpoprad.com\",\"isPartOf\":{\"@id\":\"https:\/\/mediatorpoprad.com\/#website\"},\"datePublished\":\"2023-05-17T18:09:15+00:00\",\"dateModified\":\"2023-11-05T15:13:11+00:00\",\"description\":\"Medi\u00e1tor V\u00e1m dopom\u00f4\u017ee s alternat\u00edvnym rie\u0161en\u00edm sporov. Nav\u0161t\u00edvte na\u0161u kancel\u00e1riu v Poprade v s\u00favislosti s rodinn\u00fdmi \u010di ob\u010dianskymi spormi\",\"breadcrumb\":{\"@id\":\"https:\/\/mediatorpoprad.com\/#breadcrumb\"},\"inLanguage\":\"sk-SK\",\"potentialAction\":[{\"@type\":\"ReadAction\",\"target\":[\"https:\/\/mediatorpoprad.com\/\"]}]},{\"@type\":\"BreadcrumbList\",\"@id\":\"https:\/\/mediatorpoprad.com\/#breadcrumb\",\"itemListElement\":[{\"@type\":\"ListItem\",\"position\":1,\"name\":\"Home\",\"item\":\"https:\/\/mediatorpoprad.com\/\"},{\"@type\":\"ListItem\",\"position\":2,\"name\":\"Medi\u00e1tor Poprad\"}]},{\"@type\":\"WebSite\",\"@id\":\"https:\/\/mediatorpoprad.com\/#website\",\"url\":\"https:\/\/mediatorpoprad.com\/\",\"name\":\"mediatorpoprad.com\",\"description\":\"\",\"publisher\":{\"@id\":\"https:\/\/mediatorpoprad.com\/#organization\"},\"potentialAction\":[{\"@type\":\"SearchAction\",\"target\":{\"@type\":\"EntryPoint\",\"urlTemplate\":\"https:\/\/mediatorpoprad.com\/?s={search_term_string}\"},\"query-input\":\"required name=search_term_string\"}],\"inLanguage\":\"sk-SK\"},{\"@type\":\"Organization\",\"@id\":\"https:\/\/mediatorpoprad.com\/#organization\",\"name\":\"mediatorpoprad.com\",\"url\":\"https:\/\/mediatorpoprad.com\/\",\"logo\":{\"@type\":\"ImageObject\",\"inLanguage\":\"sk-SK\",\"@id\":\"https:\/\/mediatorpoprad.com\/#\/schema\/logo\/image\/\",\"url\":\"https:\/\/mediatorpoprad.com\/wp-content\/uploads\/2023\/10\/mediator-e1696837511794.png\",\"contentUrl\":\"https:\/\/mediatorpoprad.com\/wp-content\/uploads\/2023\/10\/mediator-e1696837511794.png\",\"width\":300,\"height\":268,\"caption\":\"mediatorpoprad.com\"},\"image\":{\"@id\":\"https:\/\/mediatorpoprad.com\/#\/schema\/logo\/image\/\"}}]}<\/script>\n<!-- \/ Yoast SEO plugin. -->","yoast_head_json":{"title":"Medi\u00e1tor Poprad - mediatorpoprad.com","description":"Medi\u00e1tor V\u00e1m dopom\u00f4\u017ee s alternat\u00edvnym rie\u0161en\u00edm sporov. Nav\u0161t\u00edvte na\u0161u kancel\u00e1riu v Poprade v s\u00favislosti s rodinn\u00fdmi \u010di ob\u010dianskymi spormi","robots":{"index":"index","follow":"follow","max-snippet":"max-snippet:-1","max-image-preview":"max-image-preview:large","max-video-preview":"max-video-preview:-1"},"canonical":"https:\/\/mediatorpoprad.com\/","og_locale":"sk_SK","og_type":"article","og_title":"Medi\u00e1tor Poprad - mediatorpoprad.com","og_description":"Medi\u00e1tor V\u00e1m dopom\u00f4\u017ee s alternat\u00edvnym rie\u0161en\u00edm sporov. Nav\u0161t\u00edvte na\u0161u kancel\u00e1riu v Poprade v s\u00favislosti s rodinn\u00fdmi \u010di ob\u010dianskymi spormi","og_url":"https:\/\/mediatorpoprad.com\/","og_site_name":"mediatorpoprad.com","article_modified_time":"2023-11-05T15:13:11+00:00","og_image":[{"url":"http:\/\/mediatorpoprad.com\/wp-content\/uploads\/2023\/10\/pexels-fauxels-3184418-768x512.jpg"}],"twitter_card":"summary_large_image","twitter_misc":{"Predpokladan\u00fd \u010das \u010d\u00edtania":"2 min\u00faty"},"schema":{"@context":"https:\/\/schema.org","@graph":[{"@type":"WebPage","@id":"https:\/\/mediatorpoprad.com\/","url":"https:\/\/mediatorpoprad.com\/","name":"Medi\u00e1tor Poprad - mediatorpoprad.com","isPartOf":{"@id":"https:\/\/mediatorpoprad.com\/#website"},"datePublished":"2023-05-17T18:09:15+00:00","dateModified":"2023-11-05T15:13:11+00:00","description":"Medi\u00e1tor V\u00e1m dopom\u00f4\u017ee s alternat\u00edvnym rie\u0161en\u00edm sporov. Nav\u0161t\u00edvte na\u0161u kancel\u00e1riu v Poprade v s\u00favislosti s rodinn\u00fdmi \u010di ob\u010dianskymi spormi","breadcrumb":{"@id":"https:\/\/mediatorpoprad.com\/#breadcrumb"},"inLanguage":"sk-SK","potentialAction":[{"@type":"ReadAction","target":["https:\/\/mediatorpoprad.com\/"]}]},{"@type":"BreadcrumbList","@id":"https:\/\/mediatorpoprad.com\/#breadcrumb","itemListElement":[{"@type":"ListItem","position":1,"name":"Home","item":"https:\/\/mediatorpoprad.com\/"},{"@type":"ListItem","position":2,"name":"Medi\u00e1tor Poprad"}]},{"@type":"WebSite","@id":"https:\/\/mediatorpoprad.com\/#website","url":"https:\/\/mediatorpoprad.com\/","name":"mediatorpoprad.com","description":"","publisher":{"@id":"https:\/\/mediatorpoprad.com\/#organization"},"potentialAction":[{"@type":"SearchAction","target":{"@type":"EntryPoint","urlTemplate":"https:\/\/mediatorpoprad.com\/?s={search_term_string}"},"query-input":"required name=search_term_string"}],"inLanguage":"sk-SK"},{"@type":"Organization","@id":"https:\/\/mediatorpoprad.com\/#organization","name":"mediatorpoprad.com","url":"https:\/\/mediatorpoprad.com\/","logo":{"@type":"ImageObject","inLanguage":"sk-SK","@id":"https:\/\/mediatorpoprad.com\/#\/schema\/logo\/image\/","url":"https:\/\/mediatorpoprad.com\/wp-content\/uploads\/2023\/10\/mediator-e1696837511794.png","contentUrl":"https:\/\/mediatorpoprad.com\/wp-content\/uploads\/2023\/10\/mediator-e1696837511794.png","width":300,"height":268,"caption":"mediatorpoprad.com"},"image":{"@id":"https:\/\/mediatorpoprad.com\/#\/schema\/logo\/image\/"}}]}},"_links":{"self":[{"href":"https:\/\/mediatorpoprad.com\/index.php?rest_route=\/wp\/v2\/pages\/2"}],"collection":[{"href":"https:\/\/mediatorpoprad.com\/index.php?rest_route=\/wp\/v2\/pages"}],"about":[{"href":"https:\/\/mediatorpoprad.com\/index.php?rest_route=\/wp\/v2\/types\/page"}],"author":[{"embeddable":true,"href":"https:\/\/mediatorpoprad.com\/index.php?rest_route=\/wp\/v2\/users\/1"}],"replies":[{"embeddable":true,"href":"https:\/\/mediatorpoprad.com\/index.php?rest_route=%2Fwp%2Fv2%2Fcomments&post=2"}],"version-history":[{"count":6,"href":"https:\/\/mediatorpoprad.com\/index.php?rest_route=\/wp\/v2\/pages\/2\/revisions"}],"predecessor-version":[{"id":141,"href":"https:\/\/mediatorpoprad.com\/index.php?rest_route=\/wp\/v2\/pages\/2\/revisions\/141"}],"wp:attachment":[{"href":"https:\/\/mediatorpoprad.com\/index.php?rest_route=%2Fwp%2Fv2%2Fmedia&parent=2"}],"curies":[{"name":"wp","href":"https:\/\/api.w.org\/{rel}","templated":true}]}}